{"id":409,"date":"2020-11-15T20:31:41","date_gmt":"2020-11-15T20:31:41","guid":{"rendered":"http:\/\/pensamientos-paralelos.com\/?page_id=409"},"modified":"2022-03-05T19:09:02","modified_gmt":"2022-03-05T19:09:02","slug":"sobre-la-autora","status":"publish","type":"page","link":"https:\/\/almudenaoterodelavega.com\/index.php\/sobre-la-autora\/","title":{"rendered":"Sobre la Autora"},"content":{"rendered":"\t\t<div data-elementor-type=\"wp-page\" data-elementor-id=\"409\" class=\"elementor elementor-409\">\n\t\t\t\t\t\t<section class=\"elementor-section elementor-top-section elementor-element elementor-element-f7a233f elementor-section-boxed elementor-section-height-default elementor-section-height-default jltma-glass-effect-no\" data-id=\"f7a233f\" data-element_type=\"section\" data-e-type=\"section\">\n\t\t\t\t\t\t<div class=\"elementor-container elementor-column-gap-default\">\n\t\t\t\t\t<div class=\"elementor-column elementor-col-100 elementor-top-column elementor-element elementor-element-e012886 jltma-glass-effect-no\" data-id=\"e012886\" data-element_type=\"column\" data-e-type=\"column\">\n\t\t\t<div class=\"elementor-widget-wrap elementor-element-populated\">\n\t\t\t\t\t\t<div class=\"elementor-element elementor-element-03375f1 jltma-glass-effect-no elementor-widget elementor-widget-spacer\" data-id=\"03375f1\" data-element_type=\"widget\" data-e-type=\"widget\" data-widget_type=\"spacer.default\">\n\t\t\t\t<div class=\"elementor-widget-container\">\n\t\t\t\t\t\t\t<div class=\"elementor-spacer\">\n\t\t\t<div class=\"elementor-spacer-inner\"><\/div>\n\t\t<\/div>\n\t\t\t\t\t\t<\/div>\n\t\t\t\t<\/div>\n\t\t\t\t<div class=\"elementor-element elementor-element-0f561fa jltma-glass-effect-no elementor-widget elementor-widget-heading\" data-id=\"0f561fa\" data-element_type=\"widget\" data-e-type=\"widget\" data-widget_type=\"heading.default\">\n\t\t\t\t<div class=\"elementor-widget-container\">\n\t\t\t\t\t<h2 class=\"elementor-heading-title elementor-size-default\">Sobre la autora<\/h2>\t\t\t\t<\/div>\n\t\t\t\t<\/div>\n\t\t\t\t<div class=\"elementor-element elementor-element-3f73a45 jltma-glass-effect-no elementor-widget elementor-widget-spacer\" data-id=\"3f73a45\" data-element_type=\"widget\" data-e-type=\"widget\" data-widget_type=\"spacer.default\">\n\t\t\t\t<div class=\"elementor-widget-container\">\n\t\t\t\t\t\t\t<div class=\"elementor-spacer\">\n\t\t\t<div class=\"elementor-spacer-inner\"><\/div>\n\t\t<\/div>\n\t\t\t\t\t\t<\/div>\n\t\t\t\t<\/div>\n\t\t\t\t\t<\/div>\n\t\t<\/div>\n\t\t\t\t\t<\/div>\n\t\t<\/section>\n\t\t\t\t<section class=\"elementor-section elementor-top-section elementor-element elementor-element-5a13926 elementor-section-boxed elementor-section-height-default elementor-section-height-default jltma-glass-effect-no\" data-id=\"5a13926\" data-element_type=\"section\" data-e-type=\"section\">\n\t\t\t\t\t\t<div class=\"elementor-container elementor-column-gap-default\">\n\t\t\t\t\t<div class=\"elementor-column elementor-col-100 elementor-top-column elementor-element elementor-element-304e027 jltma-glass-effect-no\" data-id=\"304e027\" data-element_type=\"column\" data-e-type=\"column\">\n\t\t\t<div class=\"elementor-widget-wrap elementor-element-populated\">\n\t\t\t\t\t\t<section class=\"elementor-section elementor-inner-section elementor-element elementor-element-6f13680 elementor-section-boxed elementor-section-height-default elementor-section-height-default jltma-glass-effect-no\" data-id=\"6f13680\" data-element_type=\"section\" data-e-type=\"section\">\n\t\t\t\t\t\t<div class=\"elementor-container elementor-column-gap-default\">\n\t\t\t\t\t<div class=\"elementor-column elementor-col-50 elementor-inner-column elementor-element elementor-element-75ea985 jltma-glass-effect-no\" data-id=\"75ea985\" data-element_type=\"column\" data-e-type=\"column\">\n\t\t\t<div class=\"elementor-widget-wrap elementor-element-populated\">\n\t\t\t\t\t\t<div class=\"elementor-element elementor-element-36ecf90 jltma-glass-effect-no elementor-widget elementor-widget-text-editor\" data-id=\"36ecf90\" data-element_type=\"widget\" data-e-type=\"widget\" data-widget_type=\"text-editor.default\">\n\t\t\t\t<div class=\"elementor-widget-container\">\n\t\t\t\t\t\t\t\t\t<p>Almudena Otero De La Vega es una escritora mexicana y espa\u00f1ola nacida en la Ciudad de M\u00e9xico en noviembre de 1992.<br \/>De los 3 a los 6 a\u00f1os de edad vivi\u00f3 en Canad\u00e1, experiencia que la marcar\u00eda profundamente tanto en su personalidad como en su obra. Tras dicha estancia, regres\u00f3 a vivir a la Ciudad de M\u00e9xico.<br \/>Desde muy temprana edad se interes\u00f3 por la escritura; particularmente, incursion\u00f3 en cuentos breves, donde desarrollaba su innata creatividad e imaginaci\u00f3n.<br \/>Un juego imaginario que compart\u00eda con su hermano menor cuando ella ten\u00eda 10 a\u00f1os de edad se convirti\u00f3, poco a poco, en la serie \u201cC\u00d3DIGO ESP\u00cdA\u201d, un conjunto de 5 novelas de ciencia ficci\u00f3n sobre espionaje gal\u00e1ctico que marcar\u00eda su adolescencia. Escribi\u00f3 el borrador del primer libro a los 13 a\u00f1os, del segundo a los 17, del tercero a los 18, del cuarto a los 19 y del quinto a los 22. En total, el proyecto tiene alrededor de 700,000 palabras.<br \/>Durante los a\u00f1os en que plante\u00f3 las bases de C\u00d3DIGO ESP\u00cdA (2005 \u2013 2015) estudi\u00f3 la secundaria, la preparatoria y la licenciatura en derecho. Tambi\u00e9n escribi\u00f3 muchas de las obras que se presentan ahora en <strong><span style=\"color: #7c3e6c;\">Pensamientos Paralelos<\/span><\/strong> y comenz\u00f3 a desarrollar conceptos para novelas que escribir\u00e1 en el futuro.<br \/>Tras graduarse de la universidad, la autora decidi\u00f3 enfocarse en su carrera como abogada. Entre el 2017 y 2019 escribi\u00f3 un libro de derecho, incursionando as\u00ed en el \u00e1mbito de la no ficci\u00f3n.<br \/>A finales del 2019 se mud\u00f3 a Londres, Reino Unido, para estudiar una maestr\u00eda en derecho, experiencia de la cual nacer\u00eda su novela \u201cLa Manada\u201d como el proyecto que marcar\u00eda su escritura de una etapa adulta con un estilo literario mucho m\u00e1s maduro y que la autora considera la Obra de su vida.<br \/>A finales del 2020 regres\u00f3 a la Ciudad de M\u00e9xico deseando cristalizar su carrera en las letras a trav\u00e9s de la ruta de publicaci\u00f3n tradicional e incursionar en el \u00e1mbito de argumentos y guiones para pel\u00edculas y series de T.V. En el a\u00f1o 2021 la autora escribi\u00f3 la versi\u00f3n definitiva del primer volumen de la saga\u00a0 C\u00d3DIGO ESP\u00cdA, lo que signific\u00f3 el inicio de una nueva traves\u00eda y la oportunidad de retomar su novela de la adolescencia a 14 a\u00f1os de distancia.\u00a0<br \/>Si bien la autora, en sus Pensamientos Paralelos, ha escrito <a href=\"http:\/\/pensamientos-paralelos.com\/index.php\/cuentos\/\"><strong><span style=\"color: #7c3e6c;\">cuentos<\/span><\/strong><\/a>, <a href=\"https:\/\/pensamientos-paralelos.com\/index.php\/poemas\/\"><strong><span style=\"color: #7c3e6c;\">poemas<\/span><\/strong><\/a> y \u201c<a href=\"http:\/\/pensamientos-paralelos.com\/index.php\/capsulas\/\"><strong><span style=\"color: #7c3e6c;\">c\u00e1psulas<\/span><\/strong><\/a>\u201d, ella considera que el g\u00e9nero literario en el que mejor se desenvuelve es la novel\u00edstica. Su idioma predilecto es el espa\u00f1ol; no obstante, en ocasiones <a href=\"https:\/\/pensamientos-paralelos.com\/index.php\/escritos-en-ingles\/\"><strong><span style=\"color: #7c3e6c;\">escribe en ingl\u00e9s<\/span><\/strong><\/a>, idioma que siente muy cercano pues le recuerda su infancia en Canad\u00e1.<br \/>Entre las tem\u00e1ticas que la autora suele abordar en sus obras se encuentran temas filos\u00f3ficos sobre la naturaleza humana; cr\u00edtica social y pol\u00edtica. La dimensi\u00f3n de sus obras suele ser de car\u00e1cter internacional y universal. La autora considera que escribe para los lectores de todo el mundo, de las generaciones presentes y futuras. El matiz de sus obras tiende a la profundidad y la reflexi\u00f3n. Su sue\u00f1o en el \u00e1mbito literario es escribir un libro que llegue a considerarse cl\u00e1sico en la literatura universal.<br \/>Adem\u00e1s de escribir, la autora tiene como pasatiempos cantar, bailar, tocar viol\u00edn, componer canciones y, por supuesto, leer.<\/p>\t\t\t\t\t\t\t\t<\/div>\n\t\t\t\t<\/div>\n\t\t\t\t\t<\/div>\n\t\t<\/div>\n\t\t\t\t<div class=\"elementor-column elementor-col-50 elementor-inner-column elementor-element elementor-element-9eb0b10 jltma-glass-effect-no\" data-id=\"9eb0b10\" data-element_type=\"column\" data-e-type=\"column\">\n\t\t\t<div class=\"elementor-widget-wrap elementor-element-populated\">\n\t\t\t\t\t\t<div class=\"elementor-element elementor-element-ad4eee8 jltma-glass-effect-no elementor-widget elementor-widget-image\" data-id=\"ad4eee8\" data-element_type=\"widget\" data-e-type=\"widget\" data-widget_type=\"image.default\">\n\t\t\t\t<div class=\"elementor-widget-container\">\n\t\t\t\t\t\t\t\t\t\t\t\t\t\t\t<img fetchpriority=\"high\" decoding=\"async\" width=\"768\" height=\"1152\" src=\"https:\/\/almudenaoterodelavega.com\/wp-content\/uploads\/2021\/01\/FOTO-6-768x1152.jpg\" class=\"attachment-medium_large size-medium_large wp-image-621\" alt=\"\" srcset=\"https:\/\/almudenaoterodelavega.com\/wp-content\/uploads\/2021\/01\/FOTO-6-768x1152.jpg 768w, https:\/\/almudenaoterodelavega.com\/wp-content\/uploads\/2021\/01\/FOTO-6-200x300.jpg 200w, https:\/\/almudenaoterodelavega.com\/wp-content\/uploads\/2021\/01\/FOTO-6-683x1024.jpg 683w, https:\/\/almudenaoterodelavega.com\/wp-content\/uploads\/2021\/01\/FOTO-6.jpg 1000w\" sizes=\"(max-width: 768px) 100vw, 768px\" \/>\t\t\t\t\t\t\t\t\t\t\t\t\t\t\t<\/div>\n\t\t\t\t<\/div>\n\t\t\t\t<div class=\"elementor-element elementor-element-0a52050 jltma-glass-effect-no elementor-widget elementor-widget-text-editor\" data-id=\"0a52050\" data-element_type=\"widget\" data-e-type=\"widget\" data-widget_type=\"text-editor.default\">\n\t\t\t\t<div class=\"elementor-widget-container\">\n\t\t\t\t\t\t\t\t\t<ul><li>Egresada del <strong>Diplomado de Escritura Creativa<\/strong> de la Sociedad General de Escritores de M\u00e9xico <span style=\"color: #7c3e6c;\">(SOGEM)<\/span><\/li><li><strong>Maestra en Derech<\/strong>o de la Propiedad Intelectual por Queen Mary University of London <span style=\"color: #7c3e6c;\">(QMUL)<\/span><\/li><li><strong>Licenciada en Derecho<\/strong> por la Universidad Nacional Aut\u00f3noma de M\u00e9xico <span style=\"color: #7c3e6c;\">(UNAM)<\/span> ganadora de la medalla <em>Gabino Barreda<\/em> al m\u00e9rito acad\u00e9mico.<\/li><\/ul>\t\t\t\t\t\t\t\t<\/div>\n\t\t\t\t<\/div>\n\t\t\t\t\t<\/div>\n\t\t<\/div>\n\t\t\t\t\t<\/div>\n\t\t<\/section>\n\t\t\t\t<section class=\"elementor-section elementor-inner-section elementor-element elementor-element-e137ba9 elementor-section-boxed elementor-section-height-default elementor-section-height-default jltma-glass-effect-no\" data-id=\"e137ba9\" data-element_type=\"section\" data-e-type=\"section\">\n\t\t\t\t\t\t<div class=\"elementor-container elementor-column-gap-default\">\n\t\t\t\t\t<div class=\"elementor-column elementor-col-50 elementor-inner-column elementor-element elementor-element-630c164 jltma-glass-effect-no\" data-id=\"630c164\" data-element_type=\"column\" data-e-type=\"column\">\n\t\t\t<div class=\"elementor-widget-wrap\">\n\t\t\t\t\t\t\t<\/div>\n\t\t<\/div>\n\t\t\t\t<div class=\"elementor-column elementor-col-50 elementor-inner-column elementor-element elementor-element-f88d88f jltma-glass-effect-no\" data-id=\"f88d88f\" data-element_type=\"column\" data-e-type=\"column\">\n\t\t\t<div class=\"elementor-widget-wrap\">\n\t\t\t\t\t\t\t<\/div>\n\t\t<\/div>\n\t\t\t\t\t<\/div>\n\t\t<\/section>\n\t\t\t\t\t<\/div>\n\t\t<\/div>\n\t\t\t\t\t<\/div>\n\t\t<\/section>\n\t\t\t\t<section class=\"elementor-section elementor-top-section elementor-element elementor-element-6418d7e elementor-section-boxed elementor-section-height-default elementor-section-height-default jltma-glass-effect-no\" data-id=\"6418d7e\" data-element_type=\"section\" data-e-type=\"section\">\n\t\t\t\t\t\t<div class=\"elementor-container elementor-column-gap-default\">\n\t\t\t\t\t<div class=\"elementor-column elementor-col-50 elementor-top-column elementor-element elementor-element-0dbb742 jltma-glass-effect-no\" data-id=\"0dbb742\" data-element_type=\"column\" data-e-type=\"column\">\n\t\t\t<div class=\"elementor-widget-wrap elementor-element-populated\">\n\t\t\t\t\t\t<div class=\"elementor-element elementor-element-97ce1c6 elementor-align-center jltma-glass-effect-no elementor-widget elementor-widget-button\" data-id=\"97ce1c6\" data-element_type=\"widget\" data-e-type=\"widget\" data-widget_type=\"button.default\">\n\t\t\t\t<div class=\"elementor-widget-container\">\n\t\t\t\t\t\t\t\t\t<div class=\"elementor-button-wrapper\">\n\t\t\t\t\t<a class=\"elementor-button elementor-button-link elementor-size-md elementor-animation-grow\" href=\"http:\/\/pensamientos-paralelos.com\/index.php\/noticias\/\">\n\t\t\t\t\t\t<span class=\"elementor-button-content-wrapper\">\n\t\t\t\t\t\t\t\t\t<span class=\"elementor-button-text\">Conoce sus proyectos del momento<\/span>\n\t\t\t\t\t<\/span>\n\t\t\t\t\t<\/a>\n\t\t\t\t<\/div>\n\t\t\t\t\t\t\t\t<\/div>\n\t\t\t\t<\/div>\n\t\t\t\t\t<\/div>\n\t\t<\/div>\n\t\t\t\t<div class=\"elementor-column elementor-col-50 elementor-top-column elementor-element elementor-element-0b630e8 jltma-glass-effect-no\" data-id=\"0b630e8\" data-element_type=\"column\" data-e-type=\"column\">\n\t\t\t<div class=\"elementor-widget-wrap elementor-element-populated\">\n\t\t\t\t\t\t<div class=\"elementor-element elementor-element-5e4e65c elementor-align-center jltma-glass-effect-no elementor-widget elementor-widget-button\" data-id=\"5e4e65c\" data-element_type=\"widget\" data-e-type=\"widget\" data-widget_type=\"button.default\">\n\t\t\t\t<div class=\"elementor-widget-container\">\n\t\t\t\t\t\t\t\t\t<div class=\"elementor-button-wrapper\">\n\t\t\t\t\t<a class=\"elementor-button elementor-button-link elementor-size-md elementor-animation-grow\" href=\"https:\/\/pensamientos-paralelos.com\/index.php\/trayectoria-literaria\/\">\n\t\t\t\t\t\t<span class=\"elementor-button-content-wrapper\">\n\t\t\t\t\t\t\t\t\t<span class=\"elementor-button-text\">Lee su obra<\/span>\n\t\t\t\t\t<\/span>\n\t\t\t\t\t<\/a>\n\t\t\t\t<\/div>\n\t\t\t\t\t\t\t\t<\/div>\n\t\t\t\t<\/div>\n\t\t\t\t\t<\/div>\n\t\t<\/div>\n\t\t\t\t\t<\/div>\n\t\t<\/section>\n\t\t\t\t<\/div>\n\t\t","protected":false},"excerpt":{"rendered":"<p>Sobre la autora Almudena Otero De La Vega es una escritora mexicana y espa\u00f1ola nacida en la Ciudad de M\u00e9xico en noviembre de 1992.De los 3 a los 6 a\u00f1os de edad vivi\u00f3 en Canad\u00e1, experiencia que la marcar\u00eda profundamente tanto en su personalidad como en su obra. Tras dicha estancia, regres\u00f3 a vivir a [&hellip;]<\/p>\n","protected":false},"author":1,"featured_media":0,"parent":0,"menu_order":0,"comment_status":"closed","ping_status":"closed","template":"","meta":{"om_disable_all_campaigns":false,"_monsterinsights_skip_tracking":false,"_monsterinsights_sitenote_active":false,"_monsterinsights_sitenote_note":"","_monsterinsights_sitenote_category":0,"site-sidebar-layout":"no-sidebar","site-content-layout":"page-builder","ast-site-content-layout":"","site-content-style":"default","site-sidebar-style":"default","ast-global-header-display":"","ast-banner-title-visibility":"","ast-main-header-display":"","ast-hfb-above-header-display":"","ast-hfb-below-header-display":"","ast-hfb-mobile-header-display":"","site-post-title":"disabled","ast-breadcrumbs-content":"","ast-featured-img":"disabled","footer-sml-layout":"","theme-transparent-header-meta":"default","adv-header-id-meta":"","stick-header-meta":"","header-above-stick-meta":"","header-main-stick-meta":"","header-below-stick-meta":"","astra-migrate-meta-layouts":"default","ast-page-background-enabled":"default","ast-page-background-meta":{"desktop":{"background-color":"","background-image":"","background-repeat":"repeat","background-position":"center center","background-size":"auto","background-attachment":"scroll","background-type":"","background-media":"","overlay-type":"","overlay-color":"","overlay-gradient":""},"tablet":{"background-color":"","background-image":"","background-repeat":"repeat","background-position":"center center","background-size":"auto","background-attachment":"scroll","background-type":"","background-media":"","overlay-type":"","overlay-color":"","overlay-gradient":""},"mobile":{"background-color":"","background-image":"","background-repeat":"repeat","background-position":"center center","background-size":"auto","background-attachment":"scroll","background-type":"","background-media":"","overlay-type":"","overlay-color":"","overlay-gradient":""}},"ast-content-background-meta":{"desktop":{"background-color":"var(--ast-global-color-5)","background-image":"","background-repeat":"repeat","background-position":"center center","background-size":"auto","background-attachment":"scroll","background-type":"","background-media":"","overlay-type":"","overlay-color":"","overlay-gradient":""},"tablet":{"background-color":"var(--ast-global-color-5)","background-image":"","background-repeat":"repeat","background-position":"center center","background-size":"auto","background-attachment":"scroll","background-type":"","background-media":"","overlay-type":"","overlay-color":"","overlay-gradient":""},"mobile":{"background-color":"var(--ast-global-color-5)","background-image":"","background-repeat":"repeat","background-position":"center center","background-size":"auto","background-attachment":"scroll","background-type":"","background-media":"","overlay-type":"","overlay-color":"","overlay-gradient":""}},"footnotes":""},"class_list":["post-409","page","type-page","status-publish","hentry"],"_links":{"self":[{"href":"https:\/\/almudenaoterodelavega.com\/index.php\/wp-json\/wp\/v2\/pages\/409","targetHints":{"allow":["GET"]}}],"collection":[{"href":"https:\/\/almudenaoterodelavega.com\/index.php\/wp-json\/wp\/v2\/pages"}],"about":[{"href":"https:\/\/almudenaoterodelavega.com\/index.php\/wp-json\/wp\/v2\/types\/page"}],"author":[{"embeddable":true,"href":"https:\/\/almudenaoterodelavega.com\/index.php\/wp-json\/wp\/v2\/users\/1"}],"replies":[{"embeddable":true,"href":"https:\/\/almudenaoterodelavega.com\/index.php\/wp-json\/wp\/v2\/comments?post=409"}],"version-history":[{"count":82,"href":"https:\/\/almudenaoterodelavega.com\/index.php\/wp-json\/wp\/v2\/pages\/409\/revisions"}],"predecessor-version":[{"id":2630,"href":"https:\/\/almudenaoterodelavega.com\/index.php\/wp-json\/wp\/v2\/pages\/409\/revisions\/2630"}],"wp:attachment":[{"href":"https:\/\/almudenaoterodelavega.com\/index.php\/wp-json\/wp\/v2\/media?parent=409"}],"curies":[{"name":"wp","href":"https:\/\/api.w.org\/{rel}","templated":true}]}}